{"id":1168,"date":"2020-06-10T17:01:18","date_gmt":"2020-06-10T15:01:18","guid":{"rendered":"https:\/\/www.jeromeoctaville.fr\/?page_id=1168"},"modified":"2026-02-17T20:31:04","modified_gmt":"2026-02-17T19:31:04","slug":"tarifsportraitsexterieur","status":"publish","type":"page","link":"https:\/\/www.jeromeoctaville.fr\/index.php\/tarifsportraitsexterieur\/","title":{"rendered":"Photos de rue en ext\u00e9rieur (1h30 de shooting environ)"},"content":{"rendered":"\n<p><strong>Forfait unique:<\/strong> Comprend le simple et ajout des traitements beaut\u00e9s: imperfections de la peau, bouche, les yeux, effacement d&rsquo;objet ou de personne etc&#8230;<\/p>\n\n\n\n<p>5 photos: 100\u20ac<\/p>\n\n\n\n<p>10 photos: 150\u20ac<\/p>\n\n\n\n<p>15 photos: 180\u20ac<\/p>\n\n\n\n<p>20 photos 220\u20ac<\/p>\n\n\n\n<p>+ 9\u20ac la photo suppl\u00e9mentaires<\/p>\n\n\n\n<p><\/p>\n\n\n\n<p>Pour toute r\u00e9servation je demande 50% d&rsquo;acompte<\/p>\n\n\n\n<div class=\"wp-block-buttons is-layout-flex wp-block-buttons-is-layout-flex\"><\/div>\n\n\n\n<p>Ne pas h\u00e9siter \u00e0 me contact sur <a href=\"https:\/\/www.instagram.com\/rawbyjerome\/\" data-type=\"link\" data-id=\"https:\/\/www.instagram.com\/rawbyjerome\/\" target=\"_blank\" rel=\"noreferrer noopener\">Instagram<\/a> ou via l&rsquo;espace <a href=\"https:\/\/www.jeromeoctaville.fr\/index.php\/contact-me\/\" target=\"_blank\" rel=\"noreferrer noopener\">Me contacter<\/a><\/p>\n\n\n\n<p><\/p>\n","protected":false},"excerpt":{"rendered":"<p>Forfait unique: Comprend le simple et ajout des traitements beaut\u00e9s: imperfections de la peau, bouche, les yeux, effacement d&rsquo;objet ou de personne etc&#8230; 5 photos: 100\u20ac 10 photos: 150\u20ac 15 photos: 180\u20ac 20 photos 220\u20ac + 9\u20ac la photo suppl\u00e9mentaires Pour toute r\u00e9servation je demande 50% d&rsquo;acompte Ne pas h\u00e9siter \u00e0 me contact sur Instagram &hellip; <a href=\"https:\/\/www.jeromeoctaville.fr\/index.php\/tarifsportraitsexterieur\/\" class=\"more-link\"><\/a><\/p>\n","protected":false},"author":1,"featured_media":0,"parent":0,"menu_order":0,"comment_status":"closed","ping_status":"closed","template":"","meta":{"footnotes":""},"class_list":["post-1168","page","type-page","status-publish","hentry"],"_links":{"self":[{"href":"https:\/\/www.jeromeoctaville.fr\/index.php\/wp-json\/wp\/v2\/pages\/1168","targetHints":{"allow":["GET"]}}],"collection":[{"href":"https:\/\/www.jeromeoctaville.fr\/index.php\/wp-json\/wp\/v2\/pages"}],"about":[{"href":"https:\/\/www.jeromeoctaville.fr\/index.php\/wp-json\/wp\/v2\/types\/page"}],"author":[{"embeddable":true,"href":"https:\/\/www.jeromeoctaville.fr\/index.php\/wp-json\/wp\/v2\/users\/1"}],"replies":[{"embeddable":true,"href":"https:\/\/www.jeromeoctaville.fr\/index.php\/wp-json\/wp\/v2\/comments?post=1168"}],"version-history":[{"count":16,"href":"https:\/\/www.jeromeoctaville.fr\/index.php\/wp-json\/wp\/v2\/pages\/1168\/revisions"}],"predecessor-version":[{"id":104792,"href":"https:\/\/www.jeromeoctaville.fr\/index.php\/wp-json\/wp\/v2\/pages\/1168\/revisions\/104792"}],"wp:attachment":[{"href":"https:\/\/www.jeromeoctaville.fr\/index.php\/wp-json\/wp\/v2\/media?parent=1168"}],"curies":[{"name":"wp","href":"https:\/\/api.w.org\/{rel}","templated":true}]}}